{"id":57,"date":"2019-02-12T23:28:08","date_gmt":"2019-02-12T22:28:08","guid":{"rendered":"http:\/\/7hot.cz\/?page_id=57"},"modified":"2024-09-30T15:44:47","modified_gmt":"2024-09-30T13:44:47","slug":"program-2","status":"publish","type":"page","link":"https:\/\/7hot.cz\/?page_id=57","title":{"rendered":"Program"},"content":{"rendered":"<p>&nbsp;<\/p>\r\n<!-- \/wp:image -->\r\n\r\n<!-- wp:image {\"align\":\"center\",\"id\":66,\"width\":268,\"height\":89} --><!-- \/wp:image -->\r\n\r\n<!-- wp:image {\"align\":\"left\",\"id\":656,\"width\":108,\"height\":105,\"sizeSlug\":\"full\",\"linkDestination\":\"none\"} --><!-- \/wp:image -->\r\n\r\n<!-- wp:image {\"align\":\"center\",\"id\":64,\"width\":117,\"height\":117} --><!-- \/wp:image -->\r\n\r\n<!-- wp:paragraph --><!-- \/wp:paragraph -->\r\n\r\n<!-- wp:paragraph -->\r\n<p><img decoding=\"async\" loading=\"lazy\" class=\"wp-image-64 alignleft\" style=\"font-family: 'Droid Serif', serif, serif; font-size: 16px;\" src=\"http:\/\/7hot.cz\/wp-content\/uploads\/2019\/02\/motol.jpg\" alt=\"\" width=\"120\" height=\"120\" srcset=\"https:\/\/7hot.cz\/wp-content\/uploads\/2019\/02\/motol.jpg 288w, https:\/\/7hot.cz\/wp-content\/uploads\/2019\/02\/motol-150x150.jpg 150w\" sizes=\"(max-width: 120px) 100vw, 120px\" \/><\/p>\r\n<p><img decoding=\"async\" loading=\"lazy\" class=\"wp-image-66 alignright\" style=\"font-family: 'Droid Serif', serif, serif; font-size: 16px;\" src=\"http:\/\/7hot.cz\/wp-content\/uploads\/2019\/02\/orl.png\" alt=\"\" width=\"274\" height=\"91\" srcset=\"https:\/\/7hot.cz\/wp-content\/uploads\/2019\/02\/orl.png 610w, https:\/\/7hot.cz\/wp-content\/uploads\/2019\/02\/orl-300x99.png 300w\" sizes=\"(max-width: 274px) 100vw, 274px\" \/><img decoding=\"async\" loading=\"lazy\" class=\"wp-image-656\" style=\"font-family: 'Droid Serif', serif, serif; font-size: 16px;\" src=\"https:\/\/7hot.cz\/wp-content\/uploads\/2023\/01\/image.png\" alt=\"\" width=\"108\" height=\"105\" \/><\/p>\r\n<!-- \/wp:paragraph -->\r\n\r\n<!-- wp:paragraph --><!-- \/wp:paragraph -->\r\n\r\n<!-- wp:paragraph --><!-- \/wp:paragraph -->\r\n\r\n<!-- wp:paragraph --><!-- \/wp:paragraph -->\r\n\r\n<!-- wp:paragraph {\"align\":\"center\"} -->\r\n<p>&nbsp;<\/p>\r\n<p>&nbsp;<\/p>\r\n<h2 style=\"text-align: center;\"><strong>ORL semin\u00e1\u0159 Sedmihorky \u2013 Hrub\u00e1 Sk\u00e1la 2024<\/strong><\/h2>\r\n<p style=\"text-align: center;\"><strong>\u00a0<\/strong><\/p>\r\n<h3 style=\"text-align: center;\"><strong>M\u00cdSTO KON\u00c1N\u00cd<\/strong>: EA Z\u00e1meck\u00fd hotel Hrub\u00e1 Sk\u00e1la, Hrub\u00e1 Sk\u00e1la 1, 511 01 Turnov<\/h3>\r\n<p style=\"text-align: center;\"><strong>\u00a0<\/strong><\/p>\r\n<h2 style=\"text-align: center;\"><strong>TERM\u00cdN:<\/strong> 5.- 6.9.2024<\/h2>\r\n<p style=\"text-align: center;\">\u00a0<\/p>\r\n<p style=\"text-align: center;\"><strong>ODBORN\u00dd PROGRAM:<\/strong><\/p>\r\n<p style=\"text-align: center;\"><strong><em>\u00a0<\/em><\/strong><\/p>\r\n<p><strong><em>REGISTRACE \u00da\u010cASTN\u00cdK\u016e\u00a0 <\/em><\/strong><\/p>\r\n<p><strong><em>8.30-10.00<\/em><\/strong><\/p>\r\n<p>&nbsp;<\/p>\r\n<h4><em>\u010ctvrtek 5.9.2024 za\u010d\u00e1tek\u00a0\u00a0 10,00 hod. Vald\u0161tejn\u016fv s\u00e1l \u2013 EA hotel Hrub\u00e1 Sk\u00e1la<\/em><\/h4>\r\n<h3 style=\"text-align: center;\"><strong><u>INFEK\u010cN\u00cd ONEMOCN\u011aN\u00cd V OBORU ORL A CHIRURGIE HLAVY A KRKU<\/u><\/strong><\/h3>\r\n<p><strong><em>\u00a0<\/em><\/strong><\/p>\r\n<p><strong><em>10 hod. <\/em><\/strong><\/p>\r\n<p><em>J.Plz\u00e1k, M.Krac\u00edk: \u00a0zah\u00e1jen\u00ed semin\u00e1\u0159e<\/em><\/p>\r\n<p><strong><em>10.15 hod. BLOK I \u2013 INFEKCE ORL OBLASTI OBECN\u011a<\/em><\/strong><\/p>\r\n<p><em>A.Vitou\u0161 : Antiifnek\u010dn\u00ed l\u00e9\u010dba v\u00a0ORL \u00a0oblasti. (Infek\u010dn\u00ed odd. KN Liberec) p\u0159ehledov\u00e1\u00a0 p\u0159edn\u00e1\u0161ka<\/em><\/p>\r\n<p><em>I.Dolinov\u00e1: Molekul\u00e1rn\u011b genetick\u00e1 diagnostika infekc\u00ed v ORL ambulanci. (OGMD KN Liberec)<\/em><\/p>\r\n<p><em>A.Volfov\u00e1: Bakteri\u00e1ln\u00ed imunomodul\u00e1tory v laborato\u0159i klinick\u00e9 mikrobiologie a imunologie. (OKMI KN Liberec)<\/em><\/p>\r\n<p>&nbsp;<\/p>\r\n<p><strong><em>11.15 hod. BLOK II. INFEKCE\u00a0<\/em><\/strong><\/p>\r\n<p><em>R.Katra: Non-tuberkulozn\u00ed mykobakteri\u00f3sa v d\u011btsk\u00e9m v\u011bku.(d\u011btsk\u00e1 ORL FN Motol Praha)<\/em><\/p>\r\n<p><em>T.Vojt\u011bchovsk\u00e1: Racionalizace antibiotick\u00e9 terapie na ORL ambulanci. (Nemocnice Rudolfa a Stefanie Bene\u0161ov)<\/em><\/p>\r\n<p><em>P.Karab\u00edno\u0161,J.Bou\u010dek, J. Plz\u00e1k: Kazuistika &#8211; <\/em>Bezold\u016fv absces jako komplikace akutn\u00edho st\u0159edou\u0161n\u00edho z\u00e1n\u011btu.<em> (ORL FN Motol Praha)<\/em><\/p>\r\n<p>&nbsp;<\/p>\r\n<p>&#8212;&#8212;&#8212;&#8212;&#8212;&#8212;&#8212;&#8212;-<\/p>\r\n<p><strong><em>12,00-13,30 hod. Spole\u010dn\u00e9 foto na n\u00e1dvo\u0159\u00ed. Ob\u011bd.<\/em><\/strong><\/p>\r\n<p>&#8212;&#8212;&#8212;&#8212;&#8212;&#8212;&#8212;&#8212;-<\/p>\r\n<p><strong><em>\u00a0<\/em><\/strong><\/p>\r\n<p><strong><em>\u00a0<\/em><\/strong><\/p>\r\n<p><strong><em>13,30 hod. BLOK III. INFEKCE KAZUISTIKY<\/em><\/strong><\/p>\r\n<p><em>M.Krac\u00edk, J.Kl\u010dov\u00e1: Fat\u00e1ln\u00ed\u00a0 kr\u010dn\u00ed nekrotizuj\u00edc\u00ed fascitida p\u0159i akutn\u00ed monocyt\u00e1rn\u00ed leukemii (ORL KN Liberec)<\/em><\/p>\r\n<p><em>M.Maty\u00e1\u0161ek, J.Plz\u00e1k: Absces \u0161t\u00edtn\u00e9 \u017el\u00e1zy &#8211; vz\u00e1cn\u00fd typ kr\u010dn\u00edho z\u00e1n\u011btu. (ORL FN Motol\u00a0 Praha)<\/em><\/p>\r\n<p><em>M.Sis\u00e1k, A.<\/em><em>Ke\u0161ner<\/em>.<em>: Endoskopick\u00e9 \u0159e\u0161en\u00ed mykotick\u00e9 rinosinusitidy. <\/em><em>(Nemocnice Rudolfa a Stefanie Bene\u0161ov)<\/em><\/p>\r\n<p><em>M.Vojtov\u00e1 : Tuberkul\u00f3za st\u0159edn\u00edho ucha. (ORL FN Motol\u00a0 Praha)<\/em><\/p>\r\n<p><em>S.Cha : Nekrotizuj\u00edc\u00ed sialometapl\u00e1zie. (ORL FN Motol\u00a0 Praha)<\/em><\/p>\r\n<p>&nbsp;<\/p>\r\n<p><strong><em>14,45 hod. P\u0159est\u00e1vka na k\u00e1vu<\/em><\/strong><\/p>\r\n<p><strong><em>15,15 hod. VARIA I<\/em><\/strong><\/p>\r\n<p><em>J.Plz\u00e1k:<\/em> <em>Chirurgie benign\u00edch n\u00e1dor\u016f p\u0159\u00edu\u0161n\u00ed \u017el\u00e1zy. ((ORL FN Motol\u00a0 Praha)<\/em><\/p>\r\n<p><em>R.Kreml\u00edkov\u00e1 Pourov\u00e1, P. Vot\u00fdpka, M. Mal\u00edkov\u00e1, N. Pt\u00e1\u010dn\u00edkov\u00e1, M. Mihulov\u00e1, Z. F\u00edk, M. Tesa\u0159ov\u00e1, J. Bou\u010dek: Genetick\u00e9 pozad\u00ed kochle\u00e1rn\u00ed implantace (\u00daBLG 2.LF UK a FN Motol, ORL FN Motol)<\/em><\/p>\r\n<p><strong><em>\u00a0<\/em><\/strong><\/p>\r\n<p><strong><em>19,30 hod.\u00a0 spole\u010dn\u00fd ve\u010der <\/em><\/strong><\/p>\r\n<p>&nbsp;<\/p>\r\n<h4><em>P\u00e1tek 6.9.2024 \u00a0Vald\u0161tejn\u016fv s\u00e1l &#8211; Hrub\u00e1 Sk\u00e1la<\/em><\/h4>\r\n<p><strong><em>9,3O hod. VARIA II:<\/em><\/strong><\/p>\r\n<p><em>J.Kla\u010dansk\u00fd: <\/em><em>Chronick\u00e1 otit\u00edda a ionom\u00e9rny cement.<\/em><em> (UN \u2013 NsM, Bratislava)<\/em><\/p>\r\n<p><em>J.Macha\u010d, P.Horn\u00edk, I.\u0160lap\u00e1k: Cholesteatom v\u00a0d\u011btsk\u00e9m v\u011bku (KDORL FN Brno)<\/em><\/p>\r\n<p><em>L.Otruba: <\/em><em>Existuje korelace mezi zp\u016fsobem korekce roz\u0161t\u011bpu patra a rozvojem adhezivn\u00ed otitidy?<\/em><em> (ORL odd.M\u011bln\u00edk)<\/em><\/p>\r\n<p><em>J. Klozar:\u00a0 Tekut\u00e9 biopsie u n\u00e1dor\u016f hlavy a krku (ORL FN Motol\u00a0 Praha)<\/em><\/p>\r\n<p><strong><em>12,00<\/em><\/strong>.<strong><em>hod. Zakon\u010den\u00ed semin\u00e1\u0159e<\/em><\/strong><\/p>\r\n<p><strong>ID vzd\u011bl\u00e1vac\u00ed akce: <\/strong>117396<br \/><strong>N\u00e1zev vzd\u011bl\u00e1vac\u00ed akce: <\/strong>ORL semin\u00e1\u0159 Sedmihorky \u2013 Hrub\u00e1 Sk\u00e1la 24<br \/><strong>Po\u010det p\u0159id\u011blen\u00fdch kredit\u016f: <\/strong>7<br \/>Schv\u00e1leno dle SP 16. Certifik\u00e1ty za vzd\u011bl\u00e1vac\u00ed akci se vyd\u00e1vaj\u00ed pouze s po\u010dtem kredit\u016f, se kter\u00fdmi byla akce akreditov\u00e1na.<\/p>\r\n<p>&nbsp;<\/p>\r\n<p>Pros\u00edme \u00fa\u010dastn\u00edky aby v\u011bnovali pozornost vystavuj\u00edc\u00edm firm\u00e1m, jejich\u017e z\u00e1jem umo\u017enil organizaci\u00a0 t\u00e9to\u00a0 akce:<\/p>\r\n<p>Ethicon JnJ Med Tech<\/p>\r\n<p>Medial<\/p>\r\n<p>Medtronic<\/p>\r\n<p>Olympus<\/p>\r\n<p>Surgipa<\/p>\r\n<p>Zeiss<\/p>\r\n<p>&nbsp;<\/p>\r\n<!-- \/wp:paragraph -->","protected":false},"excerpt":{"rendered":"<p>&nbsp; &nbsp; &nbsp; ORL semin\u00e1\u0159 Sedmihorky \u2013 Hrub\u00e1 Sk\u00e1la 2024 \u00a0 M\u00cdSTO KON\u00c1N\u00cd: EA Z\u00e1meck\u00fd hotel Hrub\u00e1 Sk\u00e1la, Hrub\u00e1 Sk\u00e1la&hellip;<\/p>\n","protected":false},"author":1,"featured_media":0,"parent":0,"menu_order":0,"comment_status":"closed","ping_status":"closed","template":"","meta":[],"_links":{"self":[{"href":"https:\/\/7hot.cz\/index.php?rest_route=\/wp\/v2\/pages\/57"}],"collection":[{"href":"https:\/\/7hot.cz\/index.php?rest_route=\/wp\/v2\/pages"}],"about":[{"href":"https:\/\/7hot.cz\/index.php?rest_route=\/wp\/v2\/types\/page"}],"author":[{"embeddable":true,"href":"https:\/\/7hot.cz\/index.php?rest_route=\/wp\/v2\/users\/1"}],"replies":[{"embeddable":true,"href":"https:\/\/7hot.cz\/index.php?rest_route=%2Fwp%2Fv2%2Fcomments&post=57"}],"version-history":[{"count":86,"href":"https:\/\/7hot.cz\/index.php?rest_route=\/wp\/v2\/pages\/57\/revisions"}],"predecessor-version":[{"id":794,"href":"https:\/\/7hot.cz\/index.php?rest_route=\/wp\/v2\/pages\/57\/revisions\/794"}],"wp:attachment":[{"href":"https:\/\/7hot.cz\/index.php?rest_route=%2Fwp%2Fv2%2Fmedia&parent=57"}],"curies":[{"name":"wp","href":"https:\/\/api.w.org\/{rel}","templated":true}]}}