{"id":37,"date":"2019-02-12T22:36:00","date_gmt":"2019-02-12T21:36:00","guid":{"rendered":"http:\/\/7hot.cz\/?page_id=37"},"modified":"2024-09-29T12:35:27","modified_gmt":"2024-09-29T10:35:27","slug":"galerie","status":"publish","type":"page","link":"https:\/\/7hot.cz\/?page_id=37","title":{"rendered":"Galerie"},"content":{"rendered":"\r\n<h2 class=\"wp-block-heading\"><br \/><strong>Sedmihorky &#8211; Hrub\u00e1 Sk\u00e1la 2019<\/strong><\/h2>\r\n\r\n\r\n\r\n<figure class=\"wp-block-image is-resized\"><img decoding=\"async\" loading=\"lazy\" class=\"wp-image-351\" src=\"http:\/\/7hot.cz\/wp-content\/uploads\/2019\/10\/20190926_154407-1024x512.jpg\" alt=\"\" width=\"769\" height=\"385\" srcset=\"https:\/\/7hot.cz\/wp-content\/uploads\/2019\/10\/20190926_154407-1024x512.jpg 1024w, https:\/\/7hot.cz\/wp-content\/uploads\/2019\/10\/20190926_154407-300x150.jpg 300w, https:\/\/7hot.cz\/wp-content\/uploads\/2019\/10\/20190926_154407-768x384.jpg 768w, https:\/\/7hot.cz\/wp-content\/uploads\/2019\/10\/20190926_154407-1600x800.jpg 1600w\" sizes=\"(max-width: 769px) 100vw, 769px\" \/><\/figure>\r\n<p>&nbsp;<\/p>\r\n<p><img decoding=\"async\" loading=\"lazy\" class=\"alignnone size-full wp-image-354\" src=\"https:\/\/7hot.cz\/wp-content\/uploads\/2019\/10\/20190926_114700.jpg\" alt=\"\" width=\"2560\" height=\"1280\" srcset=\"https:\/\/7hot.cz\/wp-content\/uploads\/2019\/10\/20190926_114700.jpg 2560w, https:\/\/7hot.cz\/wp-content\/uploads\/2019\/10\/20190926_114700-300x150.jpg 300w, https:\/\/7hot.cz\/wp-content\/uploads\/2019\/10\/20190926_114700-768x384.jpg 768w, https:\/\/7hot.cz\/wp-content\/uploads\/2019\/10\/20190926_114700-1024x512.jpg 1024w, https:\/\/7hot.cz\/wp-content\/uploads\/2019\/10\/20190926_114700-1600x800.jpg 1600w\" sizes=\"(max-width: 2560px) 100vw, 2560px\" \/><\/p>\r\n\r\n\r\n\r\n\r\n\r\n\r\n\r\n\r\n\r\n\r\n\r\n<figure class=\"wp-block-image\"><img decoding=\"async\" loading=\"lazy\" width=\"1024\" height=\"512\" class=\"wp-image-356\" src=\"http:\/\/7hot.cz\/wp-content\/uploads\/2019\/10\/20190926_174611_HDR-1024x512.jpg\" alt=\"\" srcset=\"https:\/\/7hot.cz\/wp-content\/uploads\/2019\/10\/20190926_174611_HDR-1024x512.jpg 1024w, https:\/\/7hot.cz\/wp-content\/uploads\/2019\/10\/20190926_174611_HDR-300x150.jpg 300w, https:\/\/7hot.cz\/wp-content\/uploads\/2019\/10\/20190926_174611_HDR-768x384.jpg 768w, https:\/\/7hot.cz\/wp-content\/uploads\/2019\/10\/20190926_174611_HDR-1600x800.jpg 1600w\" sizes=\"(max-width: 1024px) 100vw, 1024px\" \/><\/figure>\r\n\r\n\r\n\r\n<figure class=\"wp-block-image\"><\/figure>\r\n\r\n\r\n\r\n<figure class=\"wp-block-image\"><\/figure>\r\n\r\n\r\n\r\n<figure class=\"wp-block-image\"><img alt=\"\" \/><\/figure>\r\n\r\n\r\n\r\n<h2 class=\"wp-block-heading\"><strong>Sedmihorky &#8211; Hrub\u00e1 Sk\u00e1la 2021<img decoding=\"async\" loading=\"lazy\" width=\"1024\" height=\"768\" class=\"wp-image-512\" src=\"https:\/\/7hot.cz\/wp-content\/uploads\/2021\/09\/20210924_123547-1024x768.jpg\" alt=\"\" srcset=\"https:\/\/7hot.cz\/wp-content\/uploads\/2021\/09\/20210924_123547-1024x768.jpg 1024w, https:\/\/7hot.cz\/wp-content\/uploads\/2021\/09\/20210924_123547-300x225.jpg 300w, https:\/\/7hot.cz\/wp-content\/uploads\/2021\/09\/20210924_123547-768x576.jpg 768w, https:\/\/7hot.cz\/wp-content\/uploads\/2021\/09\/20210924_123547-1600x1200.jpg 1600w\" sizes=\"(max-width: 1024px) 100vw, 1024px\" \/><\/strong><\/h2>\r\n\r\n\r\n\r\n<figure class=\"wp-block-image\"><\/figure>\r\n\r\n\r\n\r\n<figure class=\"wp-block-image\"><img decoding=\"async\" loading=\"lazy\" width=\"1024\" height=\"768\" class=\"wp-image-507\" src=\"https:\/\/7hot.cz\/wp-content\/uploads\/2021\/09\/20210923_130209-1024x768.jpg\" alt=\"\" srcset=\"https:\/\/7hot.cz\/wp-content\/uploads\/2021\/09\/20210923_130209-1024x768.jpg 1024w, https:\/\/7hot.cz\/wp-content\/uploads\/2021\/09\/20210923_130209-300x225.jpg 300w, https:\/\/7hot.cz\/wp-content\/uploads\/2021\/09\/20210923_130209-768x576.jpg 768w, https:\/\/7hot.cz\/wp-content\/uploads\/2021\/09\/20210923_130209-1600x1200.jpg 1600w\" sizes=\"(max-width: 1024px) 100vw, 1024px\" \/><\/figure>\r\n\r\n\r\n\r\n<figure class=\"wp-block-image\"><\/figure>\r\n\r\n\r\n\r\n<figure class=\"wp-block-image\"><img decoding=\"async\" loading=\"lazy\" width=\"1024\" height=\"768\" class=\"wp-image-509\" src=\"https:\/\/7hot.cz\/wp-content\/uploads\/2021\/09\/20210923_110638-1024x768.jpg\" alt=\"\" srcset=\"https:\/\/7hot.cz\/wp-content\/uploads\/2021\/09\/20210923_110638-1024x768.jpg 1024w, https:\/\/7hot.cz\/wp-content\/uploads\/2021\/09\/20210923_110638-300x225.jpg 300w, https:\/\/7hot.cz\/wp-content\/uploads\/2021\/09\/20210923_110638-768x576.jpg 768w, https:\/\/7hot.cz\/wp-content\/uploads\/2021\/09\/20210923_110638-1600x1200.jpg 1600w\" sizes=\"(max-width: 1024px) 100vw, 1024px\" \/><\/figure>\r\n\r\n\r\n\r\n\r\n\r\n\r\n\r\n<figure class=\"wp-block-image\"><\/figure>\r\n\r\n\r\n\r\n<h2 class=\"has-large-font-size\"><strong>Sedmihorky &#8211; Hrub\u00e1 Sk\u00e1la 2022<\/strong><\/h2>\r\n\r\n\r\n\r\n<figure class=\"wp-block-image size-large\"><img decoding=\"async\" loading=\"lazy\" width=\"1024\" height=\"576\" class=\"wp-image-617\" src=\"https:\/\/7hot.cz\/wp-content\/uploads\/2022\/09\/20220922_160531-1024x576.jpg\" alt=\"\" srcset=\"https:\/\/7hot.cz\/wp-content\/uploads\/2022\/09\/20220922_160531-1024x576.jpg 1024w, https:\/\/7hot.cz\/wp-content\/uploads\/2022\/09\/20220922_160531-300x169.jpg 300w, https:\/\/7hot.cz\/wp-content\/uploads\/2022\/09\/20220922_160531-768x432.jpg 768w, https:\/\/7hot.cz\/wp-content\/uploads\/2022\/09\/20220922_160531-1536x864.jpg 1536w, https:\/\/7hot.cz\/wp-content\/uploads\/2022\/09\/20220922_160531-2048x1152.jpg 2048w, https:\/\/7hot.cz\/wp-content\/uploads\/2022\/09\/20220922_160531-1600x900.jpg 1600w\" sizes=\"(max-width: 1024px) 100vw, 1024px\" \/><\/figure>\r\n\r\n\r\n\r\n<figure class=\"wp-block-image size-large\"><img decoding=\"async\" loading=\"lazy\" width=\"1024\" height=\"576\" class=\"wp-image-618\" src=\"https:\/\/7hot.cz\/wp-content\/uploads\/2022\/09\/20220922_105308-1024x576.jpg\" alt=\"\" srcset=\"https:\/\/7hot.cz\/wp-content\/uploads\/2022\/09\/20220922_105308-1024x576.jpg 1024w, https:\/\/7hot.cz\/wp-content\/uploads\/2022\/09\/20220922_105308-300x169.jpg 300w, https:\/\/7hot.cz\/wp-content\/uploads\/2022\/09\/20220922_105308-768x432.jpg 768w, https:\/\/7hot.cz\/wp-content\/uploads\/2022\/09\/20220922_105308-1536x864.jpg 1536w, https:\/\/7hot.cz\/wp-content\/uploads\/2022\/09\/20220922_105308-2048x1152.jpg 2048w, https:\/\/7hot.cz\/wp-content\/uploads\/2022\/09\/20220922_105308-1600x900.jpg 1600w\" sizes=\"(max-width: 1024px) 100vw, 1024px\" \/><\/figure>\r\n\r\n\r\n\r\n\r\n\r\n<figure class=\"wp-block-image size-large\"><img decoding=\"async\" loading=\"lazy\" width=\"1024\" height=\"576\" class=\"wp-image-620\" src=\"https:\/\/7hot.cz\/wp-content\/uploads\/2022\/09\/20220922_162534-1024x576.jpg\" alt=\"\" srcset=\"https:\/\/7hot.cz\/wp-content\/uploads\/2022\/09\/20220922_162534-1024x576.jpg 1024w, https:\/\/7hot.cz\/wp-content\/uploads\/2022\/09\/20220922_162534-300x169.jpg 300w, https:\/\/7hot.cz\/wp-content\/uploads\/2022\/09\/20220922_162534-768x432.jpg 768w, https:\/\/7hot.cz\/wp-content\/uploads\/2022\/09\/20220922_162534-1536x864.jpg 1536w, https:\/\/7hot.cz\/wp-content\/uploads\/2022\/09\/20220922_162534-2048x1152.jpg 2048w, https:\/\/7hot.cz\/wp-content\/uploads\/2022\/09\/20220922_162534-1600x900.jpg 1600w\" sizes=\"(max-width: 1024px) 100vw, 1024px\" \/><\/figure>\r\n<h2 class=\"has-large-font-size\"><strong>Sedmihorky &#8211; Hrub\u00e1 Sk\u00e1la 2023<\/strong><\/h2>\r\n<p><img decoding=\"async\" src=\"https:\/\/7hot.cz\/wp-content\/uploads\/2023\/06\/20230413_163459-7-scaled.jpg\" \/><\/p>\r\n<p>&nbsp;<\/p>\r\n<p><img decoding=\"async\" loading=\"lazy\" class=\"alignnone size-full wp-image-712\" src=\"https:\/\/7hot.cz\/wp-content\/uploads\/2023\/05\/20230413_120453-scaled.jpg\" alt=\"\" width=\"2560\" height=\"1440\" srcset=\"https:\/\/7hot.cz\/wp-content\/uploads\/2023\/05\/20230413_120453-scaled.jpg 2560w, https:\/\/7hot.cz\/wp-content\/uploads\/2023\/05\/20230413_120453-300x169.jpg 300w, https:\/\/7hot.cz\/wp-content\/uploads\/2023\/05\/20230413_120453-1024x576.jpg 1024w, https:\/\/7hot.cz\/wp-content\/uploads\/2023\/05\/20230413_120453-768x432.jpg 768w, https:\/\/7hot.cz\/wp-content\/uploads\/2023\/05\/20230413_120453-1536x864.jpg 1536w, https:\/\/7hot.cz\/wp-content\/uploads\/2023\/05\/20230413_120453-2048x1152.jpg 2048w, https:\/\/7hot.cz\/wp-content\/uploads\/2023\/05\/20230413_120453-1600x900.jpg 1600w\" sizes=\"(max-width: 2560px) 100vw, 2560px\" \/><\/p>\r\n<p><img decoding=\"async\" loading=\"lazy\" class=\"alignnone size-full wp-image-715\" src=\"https:\/\/7hot.cz\/wp-content\/uploads\/2023\/05\/20230413_120521-scaled.jpg\" alt=\"\" width=\"2560\" height=\"1440\" srcset=\"https:\/\/7hot.cz\/wp-content\/uploads\/2023\/05\/20230413_120521-scaled.jpg 2560w, https:\/\/7hot.cz\/wp-content\/uploads\/2023\/05\/20230413_120521-300x169.jpg 300w, https:\/\/7hot.cz\/wp-content\/uploads\/2023\/05\/20230413_120521-1024x576.jpg 1024w, https:\/\/7hot.cz\/wp-content\/uploads\/2023\/05\/20230413_120521-768x432.jpg 768w, https:\/\/7hot.cz\/wp-content\/uploads\/2023\/05\/20230413_120521-1536x864.jpg 1536w, https:\/\/7hot.cz\/wp-content\/uploads\/2023\/05\/20230413_120521-2048x1152.jpg 2048w, https:\/\/7hot.cz\/wp-content\/uploads\/2023\/05\/20230413_120521-1600x900.jpg 1600w\" sizes=\"(max-width: 2560px) 100vw, 2560px\" \/><\/p>\r\n<h2 class=\"has-large-font-size\"><strong>Sedmihorky &#8211; Hrub\u00e1 Sk\u00e1la 2024<\/strong><\/h2>\r\n<p>&nbsp;<\/p>\r\n<p><img decoding=\"async\" loading=\"lazy\" class=\"alignnone size-full wp-image-789\" src=\"https:\/\/7hot.cz\/wp-content\/uploads\/2024\/09\/ucastnici24-lepsi--scaled.jpg\" alt=\"\" width=\"2560\" height=\"1646\" srcset=\"https:\/\/7hot.cz\/wp-content\/uploads\/2024\/09\/ucastnici24-lepsi--scaled.jpg 2560w, https:\/\/7hot.cz\/wp-content\/uploads\/2024\/09\/ucastnici24-lepsi--300x193.jpg 300w, https:\/\/7hot.cz\/wp-content\/uploads\/2024\/09\/ucastnici24-lepsi--1024x658.jpg 1024w, https:\/\/7hot.cz\/wp-content\/uploads\/2024\/09\/ucastnici24-lepsi--150x96.jpg 150w, https:\/\/7hot.cz\/wp-content\/uploads\/2024\/09\/ucastnici24-lepsi--768x494.jpg 768w, https:\/\/7hot.cz\/wp-content\/uploads\/2024\/09\/ucastnici24-lepsi--1536x988.jpg 1536w, https:\/\/7hot.cz\/wp-content\/uploads\/2024\/09\/ucastnici24-lepsi--2048x1317.jpg 2048w, https:\/\/7hot.cz\/wp-content\/uploads\/2024\/09\/ucastnici24-lepsi--1600x1029.jpg 1600w\" sizes=\"(max-width: 2560px) 100vw, 2560px\" \/><\/p>\r\n<p><img decoding=\"async\" loading=\"lazy\" class=\"alignnone size-full wp-image-790\" src=\"https:\/\/7hot.cz\/wp-content\/uploads\/2024\/09\/ctvrtek24-scaled.jpg\" alt=\"\" width=\"2560\" height=\"1440\" srcset=\"https:\/\/7hot.cz\/wp-content\/uploads\/2024\/09\/ctvrtek24-scaled.jpg 2560w, https:\/\/7hot.cz\/wp-content\/uploads\/2024\/09\/ctvrtek24-300x169.jpg 300w, https:\/\/7hot.cz\/wp-content\/uploads\/2024\/09\/ctvrtek24-1024x576.jpg 1024w, https:\/\/7hot.cz\/wp-content\/uploads\/2024\/09\/ctvrtek24-150x84.jpg 150w, https:\/\/7hot.cz\/wp-content\/uploads\/2024\/09\/ctvrtek24-768x432.jpg 768w, https:\/\/7hot.cz\/wp-content\/uploads\/2024\/09\/ctvrtek24-1536x864.jpg 1536w, https:\/\/7hot.cz\/wp-content\/uploads\/2024\/09\/ctvrtek24-2048x1152.jpg 2048w, https:\/\/7hot.cz\/wp-content\/uploads\/2024\/09\/ctvrtek24-1600x900.jpg 1600w\" sizes=\"(max-width: 2560px) 100vw, 2560px\" \/><\/p>\r\n<p><img decoding=\"async\" loading=\"lazy\" class=\"alignnone size-full wp-image-791\" src=\"https:\/\/7hot.cz\/wp-content\/uploads\/2024\/09\/bez-elektriny-scaled.jpg\" alt=\"\" width=\"2560\" height=\"1440\" srcset=\"https:\/\/7hot.cz\/wp-content\/uploads\/2024\/09\/bez-elektriny-scaled.jpg 2560w, https:\/\/7hot.cz\/wp-content\/uploads\/2024\/09\/bez-elektriny-300x169.jpg 300w, https:\/\/7hot.cz\/wp-content\/uploads\/2024\/09\/bez-elektriny-1024x576.jpg 1024w, https:\/\/7hot.cz\/wp-content\/uploads\/2024\/09\/bez-elektriny-150x84.jpg 150w, https:\/\/7hot.cz\/wp-content\/uploads\/2024\/09\/bez-elektriny-768x432.jpg 768w, https:\/\/7hot.cz\/wp-content\/uploads\/2024\/09\/bez-elektriny-1536x864.jpg 1536w, https:\/\/7hot.cz\/wp-content\/uploads\/2024\/09\/bez-elektriny-2048x1152.jpg 2048w, https:\/\/7hot.cz\/wp-content\/uploads\/2024\/09\/bez-elektriny-1600x900.jpg 1600w\" sizes=\"(max-width: 2560px) 100vw, 2560px\" \/><\/p>\r\n<p>&nbsp;<\/p>\r\n","protected":false},"excerpt":{"rendered":"<p>Sedmihorky &#8211; Hrub\u00e1 Sk\u00e1la 2019 Sedmihorky &#8211; Hrub\u00e1 Sk\u00e1la 2021 Sedmihorky &#8211; Hrub\u00e1 Sk\u00e1la 2022<\/p>\n","protected":false},"author":1,"featured_media":0,"parent":0,"menu_order":0,"comment_status":"closed","ping_status":"closed","template":"","meta":[],"_links":{"self":[{"href":"https:\/\/7hot.cz\/index.php?rest_route=\/wp\/v2\/pages\/37"}],"collection":[{"href":"https:\/\/7hot.cz\/index.php?rest_route=\/wp\/v2\/pages"}],"about":[{"href":"https:\/\/7hot.cz\/index.php?rest_route=\/wp\/v2\/types\/page"}],"author":[{"embeddable":true,"href":"https:\/\/7hot.cz\/index.php?rest_route=\/wp\/v2\/users\/1"}],"replies":[{"embeddable":true,"href":"https:\/\/7hot.cz\/index.php?rest_route=%2Fwp%2Fv2%2Fcomments&post=37"}],"version-history":[{"count":15,"href":"https:\/\/7hot.cz\/index.php?rest_route=\/wp\/v2\/pages\/37\/revisions"}],"predecessor-version":[{"id":792,"href":"https:\/\/7hot.cz\/index.php?rest_route=\/wp\/v2\/pages\/37\/revisions\/792"}],"wp:attachment":[{"href":"https:\/\/7hot.cz\/index.php?rest_route=%2Fwp%2Fv2%2Fmedia&parent=37"}],"curies":[{"name":"wp","href":"https:\/\/api.w.org\/{rel}","templated":true}]}}