{"id":25,"date":"2019-02-12T22:34:49","date_gmt":"2019-02-12T21:34:49","guid":{"rendered":"http:\/\/7hot.cz\/?page_id=25"},"modified":"2024-07-25T15:07:00","modified_gmt":"2024-07-25T13:07:00","slug":"registrace","status":"publish","type":"page","link":"https:\/\/7hot.cz\/?page_id=25","title":{"rendered":"Registrace"},"content":{"rendered":"\r\n<p>Registra\u010dn\u00ed poplatek pro v\u0161echny 1200\/1500,- K\u010d (\u010dlen\/ne\u010dlen). Platba v m\u00edst\u011b registrace\u00a0 \u00a01500\/1800,-K\u010d (\u010dlen\/ne\u010dlen).\u00a0<\/p>\r\n<p>\u010c\u00edslo \u00fa\u010dtu\u00a0 <strong>36631461\/0100<\/strong>,\u00a0 variabiln\u00ed symbol\u00a0 <strong>24002<\/strong><\/p>\r\n\r\n\r\n\r\n\r\n\r\n<p>Do zpr\u00e1vy pro p\u0159\u00edjemce pros\u00edm napi\u0161te va\u0161e<strong> jm\u00e9no a p\u0159\u00edjmen\u00ed<\/strong><\/p>\r\n\r\n\r\n\r\n<p>Registrace je nutn\u00e1 k rezervaci ubytov\u00e1n\u00ed\u00a0\u00a0<\/p>\r\n<p>&nbsp;<\/p>\r\n<p>&nbsp;<\/p>\r\n<p><iframe loading=\"lazy\" src=\"https:\/\/docs.google.com\/forms\/d\/e\/1FAIpQLSfEa8YAIxuy5sFofRttkDI-x3sJikVmkosUjvIiQTv4_ubh0g\/viewform?embedded=true\" width=\"640\" height=\"2262\" frameborder=\"0\" marginwidth=\"0\" marginheight=\"0\">Na\u010d\u00edt\u00e1n\u00ed\u2026<\/iframe><\/p>","protected":false},"excerpt":{"rendered":"<p>Registra\u010dn\u00ed poplatek pro v\u0161echny 1200\/1500,- K\u010d (\u010dlen\/ne\u010dlen). Platba v m\u00edst\u011b registrace\u00a0 \u00a01500\/1800,-K\u010d (\u010dlen\/ne\u010dlen).\u00a0 \u010c\u00edslo \u00fa\u010dtu\u00a0 36631461\/0100,\u00a0 variabiln\u00ed symbol\u00a0 24002 Do&hellip;<\/p>\n","protected":false},"author":1,"featured_media":0,"parent":0,"menu_order":0,"comment_status":"closed","ping_status":"closed","template":"","meta":[],"_links":{"self":[{"href":"https:\/\/7hot.cz\/index.php?rest_route=\/wp\/v2\/pages\/25"}],"collection":[{"href":"https:\/\/7hot.cz\/index.php?rest_route=\/wp\/v2\/pages"}],"about":[{"href":"https:\/\/7hot.cz\/index.php?rest_route=\/wp\/v2\/types\/page"}],"author":[{"embeddable":true,"href":"https:\/\/7hot.cz\/index.php?rest_route=\/wp\/v2\/users\/1"}],"replies":[{"embeddable":true,"href":"https:\/\/7hot.cz\/index.php?rest_route=%2Fwp%2Fv2%2Fcomments&post=25"}],"version-history":[{"count":44,"href":"https:\/\/7hot.cz\/index.php?rest_route=\/wp\/v2\/pages\/25\/revisions"}],"predecessor-version":[{"id":758,"href":"https:\/\/7hot.cz\/index.php?rest_route=\/wp\/v2\/pages\/25\/revisions\/758"}],"wp:attachment":[{"href":"https:\/\/7hot.cz\/index.php?rest_route=%2Fwp%2Fv2%2Fmedia&parent=25"}],"curies":[{"name":"wp","href":"https:\/\/api.w.org\/{rel}","templated":true}]}}