{"id":23,"date":"2019-02-12T22:34:48","date_gmt":"2019-02-12T21:34:48","guid":{"rendered":"http:\/\/7hot.cz\/?page_id=23"},"modified":"2024-07-26T18:33:06","modified_gmt":"2024-07-26T16:33:06","slug":"ubytovani","status":"publish","type":"page","link":"https:\/\/7hot.cz\/?page_id=23","title":{"rendered":"Ubytov\u00e1n\u00ed"},"content":{"rendered":"\r\n<p>&nbsp;<\/p>\r\n\r\n\r\n\r\n<p style=\"text-align: left;\">Ubytov\u00e1n\u00ed v EA Z\u00e1meck\u00e9m hotelu Hrub\u00e1 Sk\u00e1la **** <strong>po registraci \u00fa\u010dastn\u00edka semin\u00e1\u0159e<\/strong>.<br \/><em><strong><a href=\"https:\/\/www.hotelhrubaskala.cz\" target=\"_blank\" rel=\"noreferrer noopener\" aria-label=\"https:\/\/www.hotelhrubaskala.cz (otev\u0159e se na nov\u00e9 z\u00e1lo\u017ece)\">https:\/\/www.hotelhrubaskala.cz<\/a><\/strong><\/em><\/p>\r\n\r\n\r\n\r\n<p>&nbsp;<\/p>\r\n\r\n\r\n\r\n<p style=\"font-size: 24px; text-align: center;\"><strong>P\u0159\u00edm\u00fd telefon na recepci hotelu pro ubytov\u00e1n\u00ed<\/strong> <br \/><strong>604 317 618<\/strong> (nutn\u00e1 p\u0159edchoz\u00ed registrace <em><strong><a href=\"http:\/\/7hot.cz\/?page_id=25\">zde<\/a><\/strong><\/em>)<\/p>\r\n\r\n\r\n\r\n<p>Z\u00e1meck\u00e9 spa-welness: <em><strong><a href=\"https:\/\/www.hotelhrubaskala.cz\/cz\/ea-zamecky-hotel-hruba-skala\/wellness-eden-spa\">https:\/\/www.hotelhrubaskala.cz\/cz\/ea-zamecky-hotel-hruba-skala\/wellness-eden-spa<\/a><\/strong><\/em><\/p>\r\n<p>P\u016fj\u010dovna\u00a0 elektrokol KTM &#8211; rezervace nutn\u00e1<\/p>\r\n\r\n\r\n","protected":false},"excerpt":{"rendered":"<p>&nbsp; Ubytov\u00e1n\u00ed v EA Z\u00e1meck\u00e9m hotelu Hrub\u00e1 Sk\u00e1la **** po registraci \u00fa\u010dastn\u00edka semin\u00e1\u0159e.https:\/\/www.hotelhrubaskala.cz &nbsp; P\u0159\u00edm\u00fd telefon na recepci hotelu pro&hellip;<\/p>\n","protected":false},"author":1,"featured_media":0,"parent":0,"menu_order":0,"comment_status":"closed","ping_status":"closed","template":"","meta":[],"_links":{"self":[{"href":"https:\/\/7hot.cz\/index.php?rest_route=\/wp\/v2\/pages\/23"}],"collection":[{"href":"https:\/\/7hot.cz\/index.php?rest_route=\/wp\/v2\/pages"}],"about":[{"href":"https:\/\/7hot.cz\/index.php?rest_route=\/wp\/v2\/types\/page"}],"author":[{"embeddable":true,"href":"https:\/\/7hot.cz\/index.php?rest_route=\/wp\/v2\/users\/1"}],"replies":[{"embeddable":true,"href":"https:\/\/7hot.cz\/index.php?rest_route=%2Fwp%2Fv2%2Fcomments&post=23"}],"version-history":[{"count":13,"href":"https:\/\/7hot.cz\/index.php?rest_route=\/wp\/v2\/pages\/23\/revisions"}],"predecessor-version":[{"id":770,"href":"https:\/\/7hot.cz\/index.php?rest_route=\/wp\/v2\/pages\/23\/revisions\/770"}],"wp:attachment":[{"href":"https:\/\/7hot.cz\/index.php?rest_route=%2Fwp%2Fv2%2Fmedia&parent=23"}],"curies":[{"name":"wp","href":"https:\/\/api.w.org\/{rel}","templated":true}]}}