{"id":2,"date":"2017-03-24T14:39:42","date_gmt":"2017-03-24T13:39:42","guid":{"rendered":"http:\/\/7hot.cz\/?page_id=2"},"modified":"2024-08-30T10:02:56","modified_gmt":"2024-08-30T08:02:56","slug":"uvodni-stranka","status":"publish","type":"page","link":"https:\/\/7hot.cz\/","title":{"rendered":"\u00favod"},"content":{"rendered":"\r\n<h2 style=\"text-align: center;\"><b>ORL semin\u00e1\u0159 Sedmihorky &#8211; Hrub\u00e1 Sk\u00e1la 24<\/b><\/h2>\r\n\r\n\r\n\r\n<h3 style=\"text-align: center;\"><br \/>Hotel Hrub\u00e1 Sk\u00e1la &#8211;<strong>\u00a05.9.2024-6.9.2024<\/strong><br \/>(Karlovice Sedmihorky Turnov) .<\/h3>\r\n<p style=\"text-align: center;\"><strong>ID vzd\u011bl\u00e1vac\u00ed akce: <\/strong>117396<br \/><strong>N\u00e1zev vzd\u011bl\u00e1vac\u00ed akce: <\/strong>ORL semin\u00e1\u0159 Sedmihorky \u2013 Hrub\u00e1 Sk\u00e1la 24<br \/><strong>Po\u010det p\u0159id\u011blen\u00fdch kredit\u016f: <\/strong>7<br \/>Schv\u00e1leno dle SP 16. Certifik\u00e1ty za vzd\u011bl\u00e1vac\u00ed akci se vyd\u00e1vaj\u00ed pouze s po\u010dtem kredit\u016f, se kter\u00fdmi byla akce akreditov\u00e1na.<\/p>\r\n\r\n\r\n\r\n<p>&nbsp;<\/p>\r\n<p style=\"font-weight: 400;\">\u00a0<\/p>\r\n","protected":false},"excerpt":{"rendered":"<p>ORL semin\u00e1\u0159 Sedmihorky &#8211; Hrub\u00e1 Sk\u00e1la 24 Hotel Hrub\u00e1 Sk\u00e1la &#8211;\u00a05.9.2024-6.9.2024(Karlovice Sedmihorky Turnov) . ID vzd\u011bl\u00e1vac\u00ed akce: 117396N\u00e1zev vzd\u011bl\u00e1vac\u00ed akce:&hellip;<\/p>\n","protected":false},"author":1,"featured_media":9,"parent":0,"menu_order":0,"comment_status":"closed","ping_status":"closed","template":"","meta":[],"_links":{"self":[{"href":"https:\/\/7hot.cz\/index.php?rest_route=\/wp\/v2\/pages\/2"}],"collection":[{"href":"https:\/\/7hot.cz\/index.php?rest_route=\/wp\/v2\/pages"}],"about":[{"href":"https:\/\/7hot.cz\/index.php?rest_route=\/wp\/v2\/types\/page"}],"author":[{"embeddable":true,"href":"https:\/\/7hot.cz\/index.php?rest_route=\/wp\/v2\/users\/1"}],"replies":[{"embeddable":true,"href":"https:\/\/7hot.cz\/index.php?rest_route=%2Fwp%2Fv2%2Fcomments&post=2"}],"version-history":[{"count":32,"href":"https:\/\/7hot.cz\/index.php?rest_route=\/wp\/v2\/pages\/2\/revisions"}],"predecessor-version":[{"id":786,"href":"https:\/\/7hot.cz\/index.php?rest_route=\/wp\/v2\/pages\/2\/revisions\/786"}],"wp:featuredmedia":[{"embeddable":true,"href":"https:\/\/7hot.cz\/index.php?rest_route=\/wp\/v2\/media\/9"}],"wp:attachment":[{"href":"https:\/\/7hot.cz\/index.php?rest_route=%2Fwp%2Fv2%2Fmedia&parent=2"}],"curies":[{"name":"wp","href":"https:\/\/api.w.org\/{rel}","templated":true}]}}